{"id":86,"date":"2023-06-30T12:48:59","date_gmt":"2023-06-30T12:48:59","guid":{"rendered":"https:\/\/messites.brocal.fr\/?page_id=86"},"modified":"2023-06-30T12:48:59","modified_gmt":"2023-06-30T12:48:59","slug":"mentions-legales","status":"publish","type":"page","link":"https:\/\/messites.brocal.fr\/?page_id=86","title":{"rendered":"Mentions l\u00e9gales"},"content":{"rendered":"\n<p>Ce site est h\u00e9berg\u00e9 par <a rel=\"noreferrer noopener\" href=\"https:\/\/ikoula.com\" target=\"_blank\">IKOULA<\/a>, ainsi que tous les autres sites list\u00e9s sur celui-ci.<\/p>\n\n\n<div class=\"wp-block-image\">\n<figure class=\"aligncenter size-large is-resized\"><img loading=\"lazy\" decoding=\"async\" src=\"https:\/\/messites.brocal.fr\/wp-content\/uploads\/2023\/06\/image-1024x576.png\" alt=\"\" class=\"wp-image-87\" width=\"512\" height=\"288\" srcset=\"https:\/\/messites.brocal.fr\/wp-content\/uploads\/2023\/06\/image-1024x576.png 1024w, https:\/\/messites.brocal.fr\/wp-content\/uploads\/2023\/06\/image-300x169.png 300w, https:\/\/messites.brocal.fr\/wp-content\/uploads\/2023\/06\/image-768x432.png 768w, https:\/\/messites.brocal.fr\/wp-content\/uploads\/2023\/06\/image-1140x641.png 1140w, https:\/\/messites.brocal.fr\/wp-content\/uploads\/2023\/06\/image.png 1200w\" sizes=\"auto, (max-width: 512px) 100vw, 512px\" \/><\/figure>\n<\/div>","protected":false},"excerpt":{"rendered":"<p>Ce site est h\u00e9berg\u00e9 par IKOULA, ainsi que tous les autres sites list\u00e9s sur celui-ci.<\/p>\n","protected":false},"author":1,"featured_media":0,"parent":0,"menu_order":0,"comment_status":"closed","ping_status":"closed","template":"","meta":{"footnotes":""},"class_list":["post-86","page","type-page","status-publish","hentry"],"jetpack_sharing_enabled":true,"_links":{"self":[{"href":"https:\/\/messites.brocal.fr\/index.php?rest_route=\/wp\/v2\/pages\/86","targetHints":{"allow":["GET"]}}],"collection":[{"href":"https:\/\/messites.brocal.fr\/index.php?rest_route=\/wp\/v2\/pages"}],"about":[{"href":"https:\/\/messites.brocal.fr\/index.php?rest_route=\/wp\/v2\/types\/page"}],"author":[{"embeddable":true,"href":"https:\/\/messites.brocal.fr\/index.php?rest_route=\/wp\/v2\/users\/1"}],"replies":[{"embeddable":true,"href":"https:\/\/messites.brocal.fr\/index.php?rest_route=%2Fwp%2Fv2%2Fcomments&post=86"}],"version-history":[{"count":1,"href":"https:\/\/messites.brocal.fr\/index.php?rest_route=\/wp\/v2\/pages\/86\/revisions"}],"predecessor-version":[{"id":88,"href":"https:\/\/messites.brocal.fr\/index.php?rest_route=\/wp\/v2\/pages\/86\/revisions\/88"}],"wp:attachment":[{"href":"https:\/\/messites.brocal.fr\/index.php?rest_route=%2Fwp%2Fv2%2Fmedia&parent=86"}],"curies":[{"name":"wp","href":"https:\/\/api.w.org\/{rel}","templated":true}]}}