{"id":2,"date":"2022-03-16T13:47:56","date_gmt":"2022-03-16T13:47:56","guid":{"rendered":"https:\/\/messites.brocal.fr\/?page_id=2"},"modified":"2025-08-10T06:52:04","modified_gmt":"2025-08-10T06:52:04","slug":"accueil","status":"publish","type":"page","link":"https:\/\/messites.brocal.fr\/","title":{"rendered":"Accueil"},"content":{"rendered":"<p>Bonjour, ce site groupe l&rsquo;ensemble de mes r\u00e9alisations sous <a href=\"http:\/\/wordpress.com\/fr\">WordPress<\/a> avec le th\u00e8me <a href=\"https:\/\/envothemes.com\/free-envo-blog\/\" target=\"_blank\" rel=\"noopener\">Envo Blog<\/a> (pour la majorit\u00e9). Tous les sites sont h\u00e9berg\u00e9s chez <a href=\"http:\/\/ikoula.com\">IKOULA<\/a>.<\/p>\n\n\n<h2 class=\"wp-block-heading\">Mes sites radioamateur :<\/h2>\n\n\n\n<figure class=\"wp-block-table is-style-stripes\"><table class=\"has-fixed-layout\"><tbody><tr><td class=\"has-text-align-center\" data-align=\"center\"><img loading=\"lazy\" decoding=\"async\" width=\"150\" height=\"151\" class=\"wp-image-94\" style=\"width: 150px;\" src=\"https:\/\/messites.brocal.fr\/wp-content\/uploads\/2025\/08\/LogoCarre-V1_transparent.png\" alt=\"\" srcset=\"https:\/\/messites.brocal.fr\/wp-content\/uploads\/2025\/08\/LogoCarre-V1_transparent.png 414w, https:\/\/messites.brocal.fr\/wp-content\/uploads\/2025\/08\/LogoCarre-V1_transparent-297x300.png 297w, https:\/\/messites.brocal.fr\/wp-content\/uploads\/2025\/08\/LogoCarre-V1_transparent-150x150.png 150w, https:\/\/messites.brocal.fr\/wp-content\/uploads\/2025\/08\/LogoCarre-V1_transparent-300x300.png 300w\" sizes=\"auto, (max-width: 150px) 100vw, 150px\" \/><\/td><td class=\"has-text-align-center\" data-align=\"center\"><a href=\"https:\/\/tm6kjs.f6kjs.fr\/\" target=\"_blank\" rel=\"noreferrer noopener\"><img loading=\"lazy\" decoding=\"async\" width=\"150\" height=\"148\" class=\"wp-image-19\" style=\"width: 150px;\" src=\"https:\/\/messites.brocal.fr\/wp-content\/uploads\/2022\/03\/Logo-TM6JKS-pour-le-web.png\" alt=\"\"><\/a><\/td><td class=\"has-text-align-center\" data-align=\"center\"><a href=\"https:\/\/les-saintes.f6kjs.fr\" target=\"_blank\" rel=\"noreferrer noopener\"><img loading=\"lazy\" decoding=\"async\" width=\"150\" height=\"152\" class=\"wp-image-21\" style=\"width: 150px;\" src=\"https:\/\/messites.brocal.fr\/wp-content\/uploads\/2022\/03\/Logo-guadeloupe-cercle-jaune-200x200-2.png\" alt=\"\"><\/a><\/td><\/tr><tr><td class=\"has-text-align-center\" data-align=\"center\"><a href=\"https:\/\/tx7g.f6kjs.fr\" target=\"_blank\" rel=\"noreferrer noopener\"><img loading=\"lazy\" decoding=\"async\" width=\"200\" height=\"83\" class=\"wp-image-70\" style=\"width: 200px;\" src=\"https:\/\/messites.brocal.fr\/wp-content\/uploads\/2022\/08\/Vignette.jpg\" alt=\"\" srcset=\"https:\/\/messites.brocal.fr\/wp-content\/uploads\/2022\/08\/Vignette.jpg 1054w, https:\/\/messites.brocal.fr\/wp-content\/uploads\/2022\/08\/Vignette-300x125.jpg 300w, https:\/\/messites.brocal.fr\/wp-content\/uploads\/2022\/08\/Vignette-1024x427.jpg 1024w, https:\/\/messites.brocal.fr\/wp-content\/uploads\/2022\/08\/Vignette-768x321.jpg 768w\" sizes=\"auto, (max-width: 200px) 100vw, 200px\" \/><\/a><br><\/td><td class=\"has-text-align-center\" data-align=\"center\"><a href=\"https:\/\/tx7l.com\" target=\"_blank\" rel=\"noreferrer noopener\"><img loading=\"lazy\" decoding=\"async\" width=\"200\" height=\"79\" class=\"wp-image-83\" style=\"width: 200px;\" src=\"https:\/\/messites.brocal.fr\/wp-content\/uploads\/2023\/06\/page01-scaled.jpg\" alt=\"\" srcset=\"https:\/\/messites.brocal.fr\/wp-content\/uploads\/2023\/06\/page01-scaled.jpg 2560w, https:\/\/messites.brocal.fr\/wp-content\/uploads\/2023\/06\/page01-300x118.jpg 300w, https:\/\/messites.brocal.fr\/wp-content\/uploads\/2023\/06\/page01-1024x402.jpg 1024w, https:\/\/messites.brocal.fr\/wp-content\/uploads\/2023\/06\/page01-768x302.jpg 768w, https:\/\/messites.brocal.fr\/wp-content\/uploads\/2023\/06\/page01-1536x603.jpg 1536w, https:\/\/messites.brocal.fr\/wp-content\/uploads\/2023\/06\/page01-2048x804.jpg 2048w\" sizes=\"auto, (max-width: 200px) 100vw, 200px\" \/><\/a><\/td><td class=\"has-text-align-center\" data-align=\"center\"><\/td><\/tr><tr><td class=\"has-text-align-center\" data-align=\"center\"><a href=\"https:\/\/frasel.f6kjs.fr\" target=\"_blank\" rel=\"noreferrer noopener\"><img loading=\"lazy\" decoding=\"async\" width=\"120\" height=\"67\" class=\"wp-image-24\" style=\"width: 120px;\" src=\"https:\/\/messites.brocal.fr\/wp-content\/uploads\/2022\/04\/LogoV5-120x67-1.jpg\" alt=\"\"><\/a><\/td><td class=\"has-text-align-center\" data-align=\"center\"><a href=\"https:\/\/arac71.f6kjs.fr\" target=\"_blank\" rel=\"noreferrer noopener\"><img loading=\"lazy\" decoding=\"async\" width=\"150\" height=\"150\" class=\"wp-image-26\" style=\"width: 150px;\" src=\"https:\/\/messites.brocal.fr\/wp-content\/uploads\/2022\/04\/arac-71.jpg\" alt=\"\" srcset=\"https:\/\/messites.brocal.fr\/wp-content\/uploads\/2022\/04\/arac-71.jpg 212w, https:\/\/messites.brocal.fr\/wp-content\/uploads\/2022\/04\/arac-71-150x150.jpg 150w\" sizes=\"auto, (max-width: 150px) 100vw, 150px\" \/><\/a><\/td><td class=\"has-text-align-center\" data-align=\"center\"><a href=\"https:\/\/adrasec71.brocal.fr\" target=\"_blank\" rel=\"noreferrer noopener\"><img loading=\"lazy\" decoding=\"async\" width=\"150\" height=\"41\" class=\"wp-image-27\" style=\"width: 150px;\" src=\"https:\/\/messites.brocal.fr\/wp-content\/uploads\/2022\/04\/ADRASEC71-200x725-1.png\" alt=\"\" srcset=\"https:\/\/messites.brocal.fr\/wp-content\/uploads\/2022\/04\/ADRASEC71-200x725-1.png 725w, https:\/\/messites.brocal.fr\/wp-content\/uploads\/2022\/04\/ADRASEC71-200x725-1-300x83.png 300w\" sizes=\"auto, (max-width: 150px) 100vw, 150px\" \/><\/a><\/td><\/tr><tr><td class=\"has-text-align-center\" data-align=\"center\"><\/td><td class=\"has-text-align-center\" data-align=\"center\"><\/td><td class=\"has-text-align-center\" data-align=\"center\"><\/td><\/tr><tr><td class=\"has-text-align-center\" data-align=\"center\"><\/td><td class=\"has-text-align-center\" data-align=\"center\"><\/td><td class=\"has-text-align-center\" data-align=\"center\"><\/td><\/tr><\/tbody><\/table><\/figure>\n\n\n\n<h2 class=\"wp-block-heading\">Mes sites associatifs :<\/h2>\n\n\n\n<figure class=\"wp-block-table is-style-stripes\"><table class=\"has-fixed-layout\"><tbody><tr><td class=\"has-text-align-center\" data-align=\"center\"><a href=\"https:\/\/comitedesfetes.mmsv.fr\" target=\"_blank\" rel=\"noreferrer noopener\"><img loading=\"lazy\" decoding=\"async\" width=\"300\" height=\"64\" class=\"wp-image-31\" style=\"width: 300px;\" src=\"https:\/\/messites.brocal.fr\/wp-content\/uploads\/2022\/04\/Logo-CFMMSV-532x113-1.png\" alt=\"\" srcset=\"https:\/\/messites.brocal.fr\/wp-content\/uploads\/2022\/04\/Logo-CFMMSV-532x113-1.png 532w, https:\/\/messites.brocal.fr\/wp-content\/uploads\/2022\/04\/Logo-CFMMSV-532x113-1-300x64.png 300w\" sizes=\"auto, (max-width: 300px) 100vw, 300px\" \/><\/a><\/td><td class=\"has-text-align-center\" data-align=\"center\"><a href=\"https:\/\/passionpatrimoine.mmsv.fr\" target=\"_blank\" rel=\"noreferrer noopener\"><img loading=\"lazy\" decoding=\"async\" width=\"150\" height=\"188\" class=\"wp-image-30\" style=\"width: 150px;\" src=\"https:\/\/messites.brocal.fr\/wp-content\/uploads\/2022\/04\/logopp-2.jpg\" alt=\"\" srcset=\"https:\/\/messites.brocal.fr\/wp-content\/uploads\/2022\/04\/logopp-2.jpg 527w, https:\/\/messites.brocal.fr\/wp-content\/uploads\/2022\/04\/logopp-2-240x300.jpg 240w\" sizes=\"auto, (max-width: 150px) 100vw, 150px\" \/><\/a><\/td><td class=\"has-text-align-center\" data-align=\"center\"><a rel=\"noreferrer noopener\" href=\"https:\/\/epicerie-mary.mmsv.fr\" target=\"_blank\"><img loading=\"lazy\" decoding=\"async\" width=\"300\" height=\"85\" class=\"wp-image-33\" style=\"width: 300px;\" src=\"https:\/\/messites.brocal.fr\/wp-content\/uploads\/2022\/04\/Logo-Epicerie-320x91-1.png\" alt=\"\" srcset=\"https:\/\/messites.brocal.fr\/wp-content\/uploads\/2022\/04\/Logo-Epicerie-320x91-1.png 320w, https:\/\/messites.brocal.fr\/wp-content\/uploads\/2022\/04\/Logo-Epicerie-320x91-1-300x85.png 300w\" sizes=\"auto, (max-width: 300px) 100vw, 300px\" \/><\/a><br>\u00c9picerie Associative \u00e0 Mary<\/td><\/tr><tr><td class=\"has-text-align-center\" data-align=\"center\"><img loading=\"lazy\" decoding=\"async\" width=\"150\" height=\"84\" class=\"wp-image-51\" style=\"width: 150px;\" src=\"https:\/\/messites.brocal.fr\/wp-content\/uploads\/2022\/04\/cropped-CrepeDansPoele.jpg\" alt=\"\" srcset=\"https:\/\/messites.brocal.fr\/wp-content\/uploads\/2022\/04\/cropped-CrepeDansPoele.jpg 1378w, https:\/\/messites.brocal.fr\/wp-content\/uploads\/2022\/04\/cropped-CrepeDansPoele-300x169.jpg 300w, https:\/\/messites.brocal.fr\/wp-content\/uploads\/2022\/04\/cropped-CrepeDansPoele-1024x576.jpg 1024w, https:\/\/messites.brocal.fr\/wp-content\/uploads\/2022\/04\/cropped-CrepeDansPoele-768x432.jpg 768w, https:\/\/messites.brocal.fr\/wp-content\/uploads\/2022\/04\/cropped-CrepeDansPoele-1140x641.jpg 1140w\" sizes=\"auto, (max-width: 150px) 100vw, 150px\" \/><br><a rel=\"noreferrer noopener\" href=\"https:\/\/crapiaux2022.mmsv.fr\" target=\"_blank\">F\u00eate des Crapiaux, des vins et de l&rsquo;artisanat 2022<\/a><\/td><td class=\"has-text-align-center\" data-align=\"center\"><img loading=\"lazy\" decoding=\"async\" width=\"150\" height=\"66\" class=\"wp-image-67\" style=\"width: 150px;\" src=\"https:\/\/messites.brocal.fr\/wp-content\/uploads\/2022\/08\/randonnee_1027x451.jpg\" alt=\"\" srcset=\"https:\/\/messites.brocal.fr\/wp-content\/uploads\/2022\/08\/randonnee_1027x451.jpg 1026w, https:\/\/messites.brocal.fr\/wp-content\/uploads\/2022\/08\/randonnee_1027x451-300x132.jpg 300w, https:\/\/messites.brocal.fr\/wp-content\/uploads\/2022\/08\/randonnee_1027x451-1024x450.jpg 1024w, https:\/\/messites.brocal.fr\/wp-content\/uploads\/2022\/08\/randonnee_1027x451-768x338.jpg 768w\" sizes=\"auto, (max-width: 150px) 100vw, 150px\" \/><br><a href=\"https:\/\/murons2022.mmsv.fr\" target=\"_blank\" rel=\"noreferrer noopener\">25\u00e8me Marche des M\u00fbrons<br> 2022 <\/a><\/td><td class=\"has-text-align-center\" data-align=\"center\"><\/td><\/tr><\/tbody><\/table><figcaption class=\"wp-element-caption\">Cliquer sur l&rsquo;image ou le texte pour voir le site<\/figcaption><\/figure>\n\n\n\n<h2 class=\"wp-block-heading\">Autres sites<\/h2>\n\n\n\n<figure class=\"wp-block-table is-style-stripes\"><table class=\"has-fixed-layout\"><tbody><tr><td class=\"has-text-align-center\" data-align=\"center\"><a rel=\"noreferrer noopener\" href=\"https:\/\/bodyform71.fr\" target=\"_blank\"><img loading=\"lazy\" decoding=\"async\" width=\"200\" height=\"108\" class=\"wp-image-37\" style=\"width: 200px;\" src=\"https:\/\/messites.brocal.fr\/wp-content\/uploads\/2022\/04\/bodyform-Logo.png\" alt=\"\" srcset=\"https:\/\/messites.brocal.fr\/wp-content\/uploads\/2022\/04\/bodyform-Logo.png 516w, https:\/\/messites.brocal.fr\/wp-content\/uploads\/2022\/04\/bodyform-Logo-300x162.png 300w\" sizes=\"auto, (max-width: 200px) 100vw, 200px\" \/><\/a><br><a href=\"https:\/\/bodyform71.fr\" target=\"_blank\" rel=\"noreferrer noopener\">Mes activit\u00e9s sportives<\/a><\/td><td class=\"has-text-align-center\" data-align=\"center\"><img loading=\"lazy\" decoding=\"async\" width=\"150\" height=\"150\" class=\"wp-image-78\" style=\"width: 150px;\" src=\"https:\/\/messites.brocal.fr\/wp-content\/uploads\/2023\/06\/PhotoCuisinier.jpg\" alt=\"\" srcset=\"https:\/\/messites.brocal.fr\/wp-content\/uploads\/2023\/06\/PhotoCuisinier.jpg 200w, https:\/\/messites.brocal.fr\/wp-content\/uploads\/2023\/06\/PhotoCuisinier-150x150.jpg 150w\" sizes=\"auto, (max-width: 150px) 100vw, 150px\" \/><br><a href=\"https:\/\/macuisine.brocal.fr\" target=\"_blank\" rel=\"noreferrer noopener\">Ma cuisine<\/a><\/td><td class=\"has-text-align-center\" data-align=\"center\"><\/td><\/tr><\/tbody><\/table><\/figure>\n","protected":false},"excerpt":{"rendered":"<p>Bonjour, ce site groupe l&rsquo;ensemble de mes r\u00e9alisations sous WordPress avec le th\u00e8me Envo Blog (pour la majorit\u00e9). Tous les sites sont h\u00e9berg\u00e9s chez IKOULA. Mes sites radioamateur : Mes sites associatifs : \u00c9picerie Associative \u00e0 Mary F\u00eate des Crapiaux, des vins et de l&rsquo;artisanat 2022 25\u00e8me Marche des M\u00fbrons 2022 Cliquer sur l&rsquo;image ou&hellip;<\/p>\n","protected":false},"author":1,"featured_media":0,"parent":0,"menu_order":0,"comment_status":"closed","ping_status":"closed","template":"","meta":{"footnotes":""},"class_list":["post-2","page","type-page","status-publish","hentry"],"jetpack_sharing_enabled":true,"_links":{"self":[{"href":"https:\/\/messites.brocal.fr\/index.php?rest_route=\/wp\/v2\/pages\/2","targetHints":{"allow":["GET"]}}],"collection":[{"href":"https:\/\/messites.brocal.fr\/index.php?rest_route=\/wp\/v2\/pages"}],"about":[{"href":"https:\/\/messites.brocal.fr\/index.php?rest_route=\/wp\/v2\/types\/page"}],"author":[{"embeddable":true,"href":"https:\/\/messites.brocal.fr\/index.php?rest_route=\/wp\/v2\/users\/1"}],"replies":[{"embeddable":true,"href":"https:\/\/messites.brocal.fr\/index.php?rest_route=%2Fwp%2Fv2%2Fcomments&post=2"}],"version-history":[{"count":24,"href":"https:\/\/messites.brocal.fr\/index.php?rest_route=\/wp\/v2\/pages\/2\/revisions"}],"predecessor-version":[{"id":98,"href":"https:\/\/messites.brocal.fr\/index.php?rest_route=\/wp\/v2\/pages\/2\/revisions\/98"}],"wp:attachment":[{"href":"https:\/\/messites.brocal.fr\/index.php?rest_route=%2Fwp%2Fv2%2Fmedia&parent=2"}],"curies":[{"name":"wp","href":"https:\/\/api.w.org\/{rel}","templated":true}]}}